{"id":908,"date":"2025-11-28T14:03:29","date_gmt":"2025-11-28T13:03:29","guid":{"rendered":"https:\/\/fx-mayr.hr\/?page_id=908"},"modified":"2025-12-01T08:20:35","modified_gmt":"2025-12-01T07:20:35","slug":"o-nama","status":"publish","type":"page","link":"https:\/\/fx-mayr.hr\/en\/o-nama\/","title":{"rendered":"O nama"},"content":{"rendered":"<div data-elementor-type=\"wp-page\" data-elementor-id=\"908\" class=\"elementor elementor-908\" data-elementor-post-type=\"page\">\n\t\t\t\t<div class=\"elementor-element elementor-element-6e21984 e-flex e-con-boxed e-con e-parent\" data-id=\"6e21984\" data-element_type=\"container\" data-e-type=\"container\" data-settings=\"{&quot;background_background&quot;:&quot;classic&quot;}\">\n\t\t\t\t\t<div class=\"e-con-inner\">\n\t\t\t\t<div class=\"elementor-element elementor-element-2e2d803 elementor-widget elementor-widget-heading\" data-id=\"2e2d803\" data-element_type=\"widget\" data-e-type=\"widget\" data-widget_type=\"heading.default\">\n\t\t\t\t\t<h2 class=\"elementor-heading-title elementor-size-default\">O nama<\/h2>\t\t\t\t<\/div>\n\t\t\t\t<div class=\"elementor-element elementor-element-72ad646 elementor-widget__width-initial elementor-widget-tablet__width-initial elementor-widget-mobile__width-inherit elementor-widget elementor-widget-heading\" data-id=\"72ad646\" data-element_type=\"widget\" data-e-type=\"widget\" data-widget_type=\"heading.default\">\n\t\t\t\t\t<h2 class=\"elementor-heading-title elementor-size-default\">Povratak zdravlju po\u010dinje  <span style=\"font-family:'Fraunces';color:#47737C\"><i>razumijevanjem tijela<\/i><\/span><\/h2>\t\t\t\t<\/div>\n\t\t\t\t<div class=\"elementor-element elementor-element-f8adbf4 elementor-widget__width-initial elementor-widget-mobile__width-inherit elementor-widget elementor-widget-text-editor\" data-id=\"f8adbf4\" data-element_type=\"widget\" data-e-type=\"widget\" data-widget_type=\"text-editor.default\">\n\t\t\t\t\t\t\t\t\t<p>U F. X. Mayr centru vjerujemo da je zdravlje proces koji se gradi \u2013 strpljivo, stru\u010dno i s dubokim uvidom u potrebe svakog pojedinca.<\/p>\t\t\t\t\t\t\t\t<\/div>\n\t\t\t\t\t<\/div>\n\t\t\t\t<\/div>\n\t\t<div class=\"elementor-element elementor-element-e6342ea e-flex e-con-boxed e-con e-parent\" data-id=\"e6342ea\" data-element_type=\"container\" data-e-type=\"container\">\n\t\t\t\t\t<div class=\"e-con-inner\">\n\t\t<div class=\"elementor-element elementor-element-c74e805 e-con-full e-flex e-con e-child\" data-id=\"c74e805\" data-element_type=\"container\" data-e-type=\"container\" data-settings=\"{&quot;background_background&quot;:&quot;classic&quot;}\">\n\t\t\t\t<div class=\"elementor-element elementor-element-36797e2 elementor-widget elementor-widget-image\" data-id=\"36797e2\" data-element_type=\"widget\" data-e-type=\"widget\" data-widget_type=\"image.default\">\n\t\t\t\t\t\t\t\t\t\t\t\t\t\t\t<img fetchpriority=\"high\" decoding=\"async\" width=\"609\" height=\"1024\" src=\"https:\/\/fx-mayr.hr\/wp-content\/uploads\/2025\/08\/smiling-girl-white-doctor-uniformfgysd-1-609x1024.png\" class=\"attachment-large size-large wp-image-45\" alt=\"\" srcset=\"https:\/\/fx-mayr.hr\/wp-content\/uploads\/2025\/08\/smiling-girl-white-doctor-uniformfgysd-1-609x1024.png 609w, https:\/\/fx-mayr.hr\/wp-content\/uploads\/2025\/08\/smiling-girl-white-doctor-uniformfgysd-1-178x300.png 178w, https:\/\/fx-mayr.hr\/wp-content\/uploads\/2025\/08\/smiling-girl-white-doctor-uniformfgysd-1-768x1291.png 768w, https:\/\/fx-mayr.hr\/wp-content\/uploads\/2025\/08\/smiling-girl-white-doctor-uniformfgysd-1-914x1536.png 914w, https:\/\/fx-mayr.hr\/wp-content\/uploads\/2025\/08\/smiling-girl-white-doctor-uniformfgysd-1.png 1199w\" sizes=\"(max-width: 609px) 100vw, 609px\" \/>\t\t\t\t\t\t\t\t\t\t\t\t\t\t\t<\/div>\n\t\t\t\t<\/div>\n\t\t<div class=\"elementor-element elementor-element-eaf2fc3 e-con-full e-flex e-con e-child\" data-id=\"eaf2fc3\" data-element_type=\"container\" data-e-type=\"container\">\n\t\t\t\t<div class=\"elementor-element elementor-element-b01510d elementor-widget elementor-widget-heading\" data-id=\"b01510d\" data-element_type=\"widget\" data-e-type=\"widget\" data-widget_type=\"heading.default\">\n\t\t\t\t\t<h2 class=\"elementor-heading-title elementor-size-default\">Your expert<\/h2>\t\t\t\t<\/div>\n\t\t\t\t<div class=\"elementor-element elementor-element-9496099 elementor-widget__width-inherit elementor-widget elementor-widget-heading\" data-id=\"9496099\" data-element_type=\"widget\" data-e-type=\"widget\" data-widget_type=\"heading.default\">\n\t\t\t\t\t<h2 class=\"elementor-heading-title elementor-size-default\">Njega koja iscjeljuje, programi koji osna\u017euju, <span style=\"font-family:'Fraunces';color:#47737C\"><i>zdravlje koje traje<\/i><\/span><\/h2>\t\t\t\t<\/div>\n\t\t\t\t<div class=\"elementor-element elementor-element-4b18f6d elementor-widget__width-inherit elementor-widget elementor-widget-text-editor\" data-id=\"4b18f6d\" data-element_type=\"widget\" data-e-type=\"widget\" data-widget_type=\"text-editor.default\">\n\t\t\t\t\t\t\t\t\t<p data-start=\"546\" data-end=\"813\">Dr. Ivan\u010dica je specijalistica F. X. Mayr metode s dugogodi\u0161njim iskustvom u radu s pacijentima svih dobi. Strastveno vjeruje u holisti\u010dki pristup koji kombinira medicinsku stru\u010dnost, individualizirane prehrambene planove i podr\u0161ku u usvajanju zdravih \u017eivotnih navika.<\/p><p data-start=\"819\" data-end=\"1092\">Svaki program je personaliziran prema va\u0161im potrebama: od detoksikacije i regulacije probave do trajnog upravljanja te\u017einom i pobolj\u0161anja cjelokupnog osje\u0107aja vitalnosti. Uz pa\u017eljivo pra\u0107enje i edukaciju, na\u0161i pacijenti ne samo da posti\u017eu rezultate, nego ih i zadr\u017eavaju.<\/p><p data-start=\"1098\" data-end=\"1265\">Cilj nam je da svaki korak prema zdravlju bude jednostavan, siguran i odr\u017eiv, uz osje\u0107aj potpune podr\u0161ke na va\u0161em putu prema lak\u0161em, energi\u010dnijem i sretnijem \u017eivotu.<\/p>\t\t\t\t\t\t\t\t<\/div>\n\t\t\t\t<\/div>\n\t\t\t\t\t<\/div>\n\t\t\t\t<\/div>\n\t\t<div class=\"elementor-element elementor-element-01b2af6 e-flex e-con-boxed e-con e-parent\" data-id=\"01b2af6\" data-element_type=\"container\" data-e-type=\"container\">\n\t\t\t\t\t<div class=\"e-con-inner\">\n\t\t<div class=\"elementor-element elementor-element-04bdeb7 e-con-full e-flex e-con e-child\" data-id=\"04bdeb7\" data-element_type=\"container\" data-e-type=\"container\">\n\t\t\t\t<div class=\"elementor-element elementor-element-a6b0fe4 elementor-widget elementor-widget-heading\" data-id=\"a6b0fe4\" data-element_type=\"widget\" data-e-type=\"widget\" data-widget_type=\"heading.default\">\n\t\t\t\t\t<h2 class=\"elementor-heading-title elementor-size-default\">Our approach<\/h2>\t\t\t\t<\/div>\n\t\t\t\t<div class=\"elementor-element elementor-element-863c0f5 elementor-widget__width-inherit elementor-widget elementor-widget-heading\" data-id=\"863c0f5\" data-element_type=\"widget\" data-e-type=\"widget\" data-widget_type=\"heading.default\">\n\t\t\t\t\t<h2 class=\"elementor-heading-title elementor-size-default\">U sredi\u0161tu na\u0161eg rada nalazi se ideja da je <span style=\"font-family:'Fraunces';color:#47737C\"><i>probava temelj zdravlja<\/i><\/span><\/h2>\t\t\t\t<\/div>\n\t\t\t\t<div class=\"elementor-element elementor-element-de17b9b elementor-widget__width-inherit elementor-widget-tablet__width-initial elementor-widget elementor-widget-text-editor\" data-id=\"de17b9b\" data-element_type=\"widget\" data-e-type=\"widget\" data-widget_type=\"text-editor.default\">\n\t\t\t\t\t\t\t\t\t<p>Upravo zato F. X. Mayr metoda ne tretira samo simptome, nego otkriva njihove uzroke i usmjerava tijelo prema trajnoj regeneraciji.<\/p><p>Na\u0161 pristup uklju\u010duje:<\/p><ul><li>detaljnu dijagnostiku i procjenu ukupnog stanja<\/li><li>personalizirane planove prehrane i terapije<\/li><li>edukaciju o navikama i ritmovima koji podr\u017eavaju probavu<\/li><li>podr\u0161ku i pra\u0107enje tijekom procesa<\/li><li>odr\u017eavanje rezultata kroz balansiran \u017eivotni stil<\/li><\/ul><p>Sve radimo nje\u017eno, stru\u010dno i bez radikalnih restrikcija \u2014 po\u0161tuju\u0107i prirodni ritam svakog klijenta.<\/p>\t\t\t\t\t\t\t\t<\/div>\n\t\t\t\t<\/div>\n\t\t<div class=\"elementor-element elementor-element-8d9c18a e-con-full e-flex e-con e-child\" data-id=\"8d9c18a\" data-element_type=\"container\" data-e-type=\"container\">\n\t\t\t\t<div class=\"elementor-element elementor-element-6ef9ec7 elementor-widget elementor-widget-image\" data-id=\"6ef9ec7\" data-element_type=\"widget\" data-e-type=\"widget\" data-widget_type=\"image.default\">\n\t\t\t\t\t\t\t\t\t\t\t\t\t\t\t<img decoding=\"async\" width=\"796\" height=\"1024\" src=\"https:\/\/fx-mayr.hr\/wp-content\/uploads\/2025\/11\/2151828542-796x1024.jpg\" class=\"attachment-large size-large wp-image-718\" alt=\"\" srcset=\"https:\/\/fx-mayr.hr\/wp-content\/uploads\/2025\/11\/2151828542-796x1024.jpg 796w, https:\/\/fx-mayr.hr\/wp-content\/uploads\/2025\/11\/2151828542-233x300.jpg 233w, https:\/\/fx-mayr.hr\/wp-content\/uploads\/2025\/11\/2151828542-768x988.jpg 768w, https:\/\/fx-mayr.hr\/wp-content\/uploads\/2025\/11\/2151828542-1194x1536.jpg 1194w, https:\/\/fx-mayr.hr\/wp-content\/uploads\/2025\/11\/2151828542.jpg 1555w\" sizes=\"(max-width: 796px) 100vw, 796px\" \/>\t\t\t\t\t\t\t\t\t\t\t\t\t\t\t<\/div>\n\t\t\t\t<\/div>\n\t\t\t\t\t<\/div>\n\t\t\t\t<\/div>\n\t\t<div class=\"elementor-element elementor-element-8e0048d e-flex e-con-boxed e-con e-parent\" data-id=\"8e0048d\" data-element_type=\"container\" data-e-type=\"container\" data-settings=\"{&quot;background_background&quot;:&quot;classic&quot;}\">\n\t\t\t\t\t<div class=\"e-con-inner\">\n\t\t<div class=\"elementor-element elementor-element-3a0ffd6 e-con-full e-flex e-con e-child\" data-id=\"3a0ffd6\" data-element_type=\"container\" data-e-type=\"container\">\n\t\t\t\t<div class=\"elementor-element elementor-element-0598177 elementor-widget__width-initial elementor-widget elementor-widget-heading\" data-id=\"0598177\" data-element_type=\"widget\" data-e-type=\"widget\" data-widget_type=\"heading.default\">\n\t\t\t\t\t<h2 class=\"elementor-heading-title elementor-size-default\">Na\u0161a <span style=\"font-family:'Fraunces';color:#47737C\"><i>misija<\/i><\/span><\/h2>\t\t\t\t<\/div>\n\t\t\t\t<div class=\"elementor-element elementor-element-4e47f55 elementor-widget__width-initial elementor-widget-tablet__width-initial elementor-widget elementor-widget-text-editor\" data-id=\"4e47f55\" data-element_type=\"widget\" data-e-type=\"widget\" data-widget_type=\"text-editor.default\">\n\t\t\t\t\t\t\t\t\t<p>Pomo\u0107i ljudima da kroz pravilnu prehranu, detox i promjenu navika povrate energiju, lako\u0107u i zdrav ritam \u017eivota &#8211; nje\u017eno, stru\u010dno i bez radikalnih mjera.<\/p>\t\t\t\t\t\t\t\t<\/div>\n\t\t\t\t<\/div>\n\t\t<div class=\"elementor-element elementor-element-286fe8d e-con-full e-flex e-con e-child\" data-id=\"286fe8d\" data-element_type=\"container\" data-e-type=\"container\">\n\t\t\t\t<div class=\"elementor-element elementor-element-0a1ba6a elementor-widget__width-initial elementor-widget elementor-widget-heading\" data-id=\"0a1ba6a\" data-element_type=\"widget\" data-e-type=\"widget\" data-widget_type=\"heading.default\">\n\t\t\t\t\t<h2 class=\"elementor-heading-title elementor-size-default\">Kako  <span style=\"font-family:'Fraunces';color:#47737C\"><i>radimo<\/i><\/span><\/h2>\t\t\t\t<\/div>\n\t\t\t\t<div class=\"elementor-element elementor-element-9ef4594 elementor-widget__width-initial elementor-widget-tablet__width-initial elementor-widget elementor-widget-text-editor\" data-id=\"9ef4594\" data-element_type=\"widget\" data-e-type=\"widget\" data-widget_type=\"text-editor.default\">\n\t\t\t\t\t\t\t\t\t<p>Kombiniramo medicinski utemeljenu dijagnostiku, personaliziranu prehranu i edukaciju o navikama koje dugoro\u010dno podr\u017eavaju zdravlje.<\/p><p>Fokus nam je na:<\/p><ul><li>rastere\u0107enju probave<\/li><li>smanjenju upala i toksinskog optere\u0107enja<\/li><li>vra\u0107anju energije i hormonalne ravnote\u017ee<\/li><li>stvaranju odr\u017eivih navika<\/li><\/ul>\t\t\t\t\t\t\t\t<\/div>\n\t\t\t\t<\/div>\n\t\t\t\t\t<\/div>\n\t\t\t\t<\/div>\n\t\t<div class=\"elementor-element elementor-element-e40fe8e e-flex e-con-boxed e-con e-parent\" data-id=\"e40fe8e\" data-element_type=\"container\" data-e-type=\"container\" data-settings=\"{&quot;background_background&quot;:&quot;gradient&quot;}\">\n\t\t\t\t\t<div class=\"e-con-inner\">\n\t\t\t\t<div class=\"elementor-element elementor-element-c5300d4 elementor-widget__width-inherit elementor-widget elementor-widget-text-editor\" data-id=\"c5300d4\" data-element_type=\"widget\" data-e-type=\"widget\" data-widget_type=\"text-editor.default\">\n\t\t\t\t\t\t\t\t\t<p data-start=\"546\" data-end=\"813\">Spremni ste za bolju probavu, vi\u0161e energije i osje\u0107aj lako\u0107e?<\/p>\t\t\t\t\t\t\t\t<\/div>\n\t\t\t\t<div class=\"elementor-element elementor-element-712d4ea elementor-align-center elementor-widget elementor-widget-button\" data-id=\"712d4ea\" data-element_type=\"widget\" data-e-type=\"widget\" data-widget_type=\"button.default\">\n\t\t\t\t\t\t\t\t\t\t<a class=\"elementor-button elementor-button-link elementor-size-sm\" href=\"#elementor-action%3Aaction%3Dpopup%3Aopen%26settings%3DeyJpZCI6IjI4NCIsInRvZ2dsZSI6ZmFsc2V9\">\n\t\t\t\t\t\t<span class=\"elementor-button-content-wrapper\">\n\t\t\t\t\t\t\t\t\t<span class=\"elementor-button-text\">Arrange a consultation<\/span>\n\t\t\t\t\t<\/span>\n\t\t\t\t\t<\/a>\n\t\t\t\t\t\t\t\t<\/div>\n\t\t\t\t\t<\/div>\n\t\t\t\t<\/div>\n\t\t\t\t<\/div>","protected":false},"excerpt":{"rendered":"<p>O nama Povratak zdravlju po\u010dinje razumijevanjem tijela U F. X. Mayr centru vjerujemo da je zdravlje proces koji se gradi \u2013 strpljivo, stru\u010dno i s dubokim uvidom u potrebe svakog pojedinca. Va\u0161a stru\u010dnjakinja Njega koja iscjeljuje, programi koji osna\u017euju, zdravlje koje traje Dr. Ivan\u010dica je specijalistica F. X. Mayr metode s dugogodi\u0161njim iskustvom u radu [&hellip;]<\/p>\n","protected":false},"author":1,"featured_media":0,"parent":0,"menu_order":0,"comment_status":"closed","ping_status":"closed","template":"","meta":{"_acf_changed":false,"footnotes":""},"class_list":["post-908","page","type-page","status-publish","hentry"],"acf":[],"_links":{"self":[{"href":"https:\/\/fx-mayr.hr\/en\/wp-json\/wp\/v2\/pages\/908","targetHints":{"allow":["GET"]}}],"collection":[{"href":"https:\/\/fx-mayr.hr\/en\/wp-json\/wp\/v2\/pages"}],"about":[{"href":"https:\/\/fx-mayr.hr\/en\/wp-json\/wp\/v2\/types\/page"}],"author":[{"embeddable":true,"href":"https:\/\/fx-mayr.hr\/en\/wp-json\/wp\/v2\/users\/1"}],"replies":[{"embeddable":true,"href":"https:\/\/fx-mayr.hr\/en\/wp-json\/wp\/v2\/comments?post=908"}],"version-history":[{"count":40,"href":"https:\/\/fx-mayr.hr\/en\/wp-json\/wp\/v2\/pages\/908\/revisions"}],"predecessor-version":[{"id":963,"href":"https:\/\/fx-mayr.hr\/en\/wp-json\/wp\/v2\/pages\/908\/revisions\/963"}],"wp:attachment":[{"href":"https:\/\/fx-mayr.hr\/en\/wp-json\/wp\/v2\/media?parent=908"}],"curies":[{"name":"wp","href":"https:\/\/api.w.org\/{rel}","templated":true}]}}